{"id":30151,"date":"2026-01-18T12:29:25","date_gmt":"2026-01-18T12:29:25","guid":{"rendered":"https:\/\/macro-parts.com\/?page_id=30151"},"modified":"2026-01-18T12:29:25","modified_gmt":"2026-01-18T12:29:25","slug":"cummings","status":"publish","type":"page","link":"https:\/\/macro-parts.com\/id\/cummings\/","title":{"rendered":"Cummings"},"content":{"rendered":"","protected":false},"excerpt":{"rendered":"","protected":false},"author":1,"featured_media":0,"parent":0,"menu_order":0,"comment_status":"closed","ping_status":"closed","template":"","meta":{"footnotes":""},"class_list":["post-30151","page","type-page","status-publish","hentry"],"yoast_head":"<!-- This site is optimized with the Yoast SEO Premium plugin v26.8 (Yoast SEO v27.3) - https:\/\/yoast.com\/product\/yoast-seo-premium-wordpress\/ -->\n<title>Cummings - Macroparts \u0130\u015f Makinalar\u0131 Motor Yedek Par\u00e7alar\u0131<\/title>\n<meta name=\"robots\" content=\"index, follow, max-snippet:-1, max-image-preview:large, max-video-preview:-1\" \/>\n<link rel=\"canonical\" href=\"https:\/\/macro-parts.com\/id\/cummings\/\" \/>\n<meta property=\"og:locale\" content=\"id_ID\" \/>\n<meta property=\"og:type\" content=\"article\" \/>\n<meta property=\"og:title\" content=\"Cummings\" \/>\n<meta property=\"og:url\" content=\"https:\/\/macro-parts.com\/id\/cummings\/\" \/>\n<meta property=\"og:site_name\" content=\"Macroparts \u0130\u015f Makinalar\u0131 Motor Yedek Par\u00e7alar\u0131\" \/>\n<meta name=\"twitter:card\" content=\"summary_large_image\" \/>\n<script type=\"application\/ld+json\" class=\"yoast-schema-graph\">{\"@context\":\"https:\\\/\\\/schema.org\",\"@graph\":[{\"@type\":\"WebPage\",\"@id\":\"https:\\\/\\\/macro-parts.com\\\/cummings\\\/\",\"url\":\"https:\\\/\\\/macro-parts.com\\\/cummings\\\/\",\"name\":\"Cummings - Macroparts \u0130\u015f Makinalar\u0131 Motor Yedek Par\u00e7alar\u0131\",\"isPartOf\":{\"@id\":\"https:\\\/\\\/macro-parts.com\\\/id\\\/#website\"},\"datePublished\":\"2026-01-18T12:29:25+00:00\",\"breadcrumb\":{\"@id\":\"https:\\\/\\\/macro-parts.com\\\/cummings\\\/#breadcrumb\"},\"inLanguage\":\"id\",\"potentialAction\":[{\"@type\":\"ReadAction\",\"target\":[\"https:\\\/\\\/macro-parts.com\\\/cummings\\\/\"]}]},{\"@type\":\"BreadcrumbList\",\"@id\":\"https:\\\/\\\/macro-parts.com\\\/cummings\\\/#breadcrumb\",\"itemListElement\":[{\"@type\":\"ListItem\",\"position\":1,\"name\":\"Home\",\"item\":\"https:\\\/\\\/macro-parts.com\\\/id\\\/\"},{\"@type\":\"ListItem\",\"position\":2,\"name\":\"Cummings\"}]},{\"@type\":\"WebSite\",\"@id\":\"https:\\\/\\\/macro-parts.com\\\/id\\\/#website\",\"url\":\"https:\\\/\\\/macro-parts.com\\\/id\\\/\",\"name\":\"Macroparts \u0130\u015f Makinalar\u0131 Motor Yedek Par\u00e7alar\u0131\",\"description\":\"\u0130\u015f Makinalar\u0131 Yedek Par\u00e7alar\u0131 Burada\",\"potentialAction\":[{\"@type\":\"SearchAction\",\"target\":{\"@type\":\"EntryPoint\",\"urlTemplate\":\"https:\\\/\\\/macro-parts.com\\\/id\\\/?s={search_term_string}\"},\"query-input\":{\"@type\":\"PropertyValueSpecification\",\"valueRequired\":true,\"valueName\":\"search_term_string\"}}],\"inLanguage\":\"id\"}]}<\/script>\n<!-- \/ Yoast SEO Premium plugin. -->","yoast_head_json":{"title":"Cummings - Macroparts \u0130\u015f Makinalar\u0131 Motor Yedek Par\u00e7alar\u0131","robots":{"index":"index","follow":"follow","max-snippet":"max-snippet:-1","max-image-preview":"max-image-preview:large","max-video-preview":"max-video-preview:-1"},"canonical":"https:\/\/macro-parts.com\/id\/cummings\/","og_locale":"id_ID","og_type":"article","og_title":"Cummings","og_url":"https:\/\/macro-parts.com\/id\/cummings\/","og_site_name":"Macroparts \u0130\u015f Makinalar\u0131 Motor Yedek Par\u00e7alar\u0131","twitter_card":"summary_large_image","schema":{"@context":"https:\/\/schema.org","@graph":[{"@type":"WebPage","@id":"https:\/\/macro-parts.com\/cummings\/","url":"https:\/\/macro-parts.com\/cummings\/","name":"Cummings - Macroparts \u0130\u015f Makinalar\u0131 Motor Yedek Par\u00e7alar\u0131","isPartOf":{"@id":"https:\/\/macro-parts.com\/id\/#website"},"datePublished":"2026-01-18T12:29:25+00:00","breadcrumb":{"@id":"https:\/\/macro-parts.com\/cummings\/#breadcrumb"},"inLanguage":"id","potentialAction":[{"@type":"ReadAction","target":["https:\/\/macro-parts.com\/cummings\/"]}]},{"@type":"BreadcrumbList","@id":"https:\/\/macro-parts.com\/cummings\/#breadcrumb","itemListElement":[{"@type":"ListItem","position":1,"name":"Home","item":"https:\/\/macro-parts.com\/id\/"},{"@type":"ListItem","position":2,"name":"Cummings"}]},{"@type":"WebSite","@id":"https:\/\/macro-parts.com\/id\/#website","url":"https:\/\/macro-parts.com\/id\/","name":"Macroparts \u0130\u015f Makinalar\u0131 Motor Yedek Par\u00e7alar\u0131","description":"\u0130\u015f Makinalar\u0131 Yedek Par\u00e7alar\u0131 Burada","potentialAction":[{"@type":"SearchAction","target":{"@type":"EntryPoint","urlTemplate":"https:\/\/macro-parts.com\/id\/?s={search_term_string}"},"query-input":{"@type":"PropertyValueSpecification","valueRequired":true,"valueName":"search_term_string"}}],"inLanguage":"id"}]}},"_links":{"self":[{"href":"https:\/\/macro-parts.com\/id\/wp-json\/wp\/v2\/pages\/30151","targetHints":{"allow":["GET"]}}],"collection":[{"href":"https:\/\/macro-parts.com\/id\/wp-json\/wp\/v2\/pages"}],"about":[{"href":"https:\/\/macro-parts.com\/id\/wp-json\/wp\/v2\/types\/page"}],"author":[{"embeddable":true,"href":"https:\/\/macro-parts.com\/id\/wp-json\/wp\/v2\/users\/1"}],"replies":[{"embeddable":true,"href":"https:\/\/macro-parts.com\/id\/wp-json\/wp\/v2\/comments?post=30151"}],"version-history":[{"count":0,"href":"https:\/\/macro-parts.com\/id\/wp-json\/wp\/v2\/pages\/30151\/revisions"}],"wp:attachment":[{"href":"https:\/\/macro-parts.com\/id\/wp-json\/wp\/v2\/media?parent=30151"}],"curies":[{"name":"wp","href":"https:\/\/api.w.org\/{rel}","templated":true}]}}